{"id":1429,"date":"2021-06-18T10:26:01","date_gmt":"2021-06-18T08:26:01","guid":{"rendered":"https:\/\/hemerion.com\/repousser-les-limites-des-therapies-contre-le-cancer\/"},"modified":"2023-05-02T16:39:50","modified_gmt":"2023-05-02T14:39:50","slug":"repousser-les-limites-des-therapies-contre-le-cancer","status":"publish","type":"page","link":"https:\/\/hemerion.com\/fr\/repousser-les-limites-des-therapies-contre-le-cancer\/","title":{"rendered":"Repousser les limites des th\u00e9rapies contre le cancer"},"content":{"rendered":"<div class=\"gb-container gb-container-8382e226\"><div class=\"gb-inside-container\">\n\n<p class=\"gb-headline gb-headline-bc4f01ba gb-headline-text lead\">Hemerion est une start-up fran\u00e7aise qui se consacre au d\u00e9veloppement de <a href=\"https:\/\/hemerion.com\/fr\/solutions-therapeutiques\/\"><strong>nouvelles th\u00e9rapies contre le cancer<\/strong><\/a>. Les technologies et le savoir-faire d&rsquo;Hemerion sont le fruit de plus de dix ans de recherches acad\u00e9mique et clinique men\u00e9es \u00e0 <a href=\"https:\/\/www.univ-lille.fr\/\">l&rsquo;Universit\u00e9 de Lille<\/a>, <a href=\"https:\/\/www.chu-lille.fr\/welcome.en\">au CHU de Lille<\/a> et \u00e0 <a href=\"https:\/\/www.inserm.fr\/en\/home\/\">l&rsquo;Inserm<\/a>. Hemerion se concentre principalement sur des approches innovantes pour traiter le glioblastome, la tumeur c\u00e9r\u00e9brale primaire la plus courante et la plus agressive.<\/p>\n\n<\/div><\/div><div class=\"gb-container gb-container-51737bb3\"><div class=\"gb-inside-container\">\n<div class=\"gb-grid-wrapper gb-grid-wrapper-72948bae section-text-left\">\n<div class=\"gb-grid-column gb-grid-column-346dbfec\"><div class=\"gb-container gb-container-346dbfec hgsap fromLeft\"><div class=\"gb-inside-container\">\n\n<figure class=\"wp-block-image size-large is-resized\"><img data-recalc-dims=\"1\" loading=\"lazy\" decoding=\"async\" src=\"https:\/\/i0.wp.com\/hemerion.com\/wp-content\/uploads\/\/hemerion-logo.png?resize=256%2C75&#038;ssl=1\" alt=\"Logo Hemerion\" class=\"wp-image-393\" width=\"256\" height=\"75\" srcset=\"https:\/\/i0.wp.com\/hemerion.com\/wp-content\/uploads\/hemerion-logo.png?resize=1024%2C298&amp;ssl=1 1024w, https:\/\/i0.wp.com\/hemerion.com\/wp-content\/uploads\/hemerion-logo.png?resize=300%2C87&amp;ssl=1 300w, https:\/\/i0.wp.com\/hemerion.com\/wp-content\/uploads\/hemerion-logo.png?resize=768%2C223&amp;ssl=1 768w, https:\/\/i0.wp.com\/hemerion.com\/wp-content\/uploads\/hemerion-logo.png?resize=1536%2C447&amp;ssl=1 1536w, https:\/\/i0.wp.com\/hemerion.com\/wp-content\/uploads\/hemerion-logo.png?resize=1200%2C349&amp;ssl=1 1200w, https:\/\/i0.wp.com\/hemerion.com\/wp-content\/uploads\/hemerion-logo.png?w=1581&amp;ssl=1 1581w\" sizes=\"auto, (max-width: 256px) 100vw, 256px\" \/><\/figure>\n\n\n<div style=\"height:20px\" aria-hidden=\"true\" class=\"wp-block-spacer\"><\/div>\n\n\n\n<p class=\"wp-block-paragraph\">Hemerion r\u00e9unit, ensemble, des physiciens, chirurgiens et m\u00e9decins pour d\u00e9velopper des th\u00e9rapies innovantes contre le cancer.<\/p>\n\n\n\n<p class=\"wp-block-paragraph\">Hemerion poss\u00e8de une technologie unique \u00e9labor\u00e9e avec des neurochirurgiens et d\u00e9j\u00e0 \u00e9valu\u00e9e lors d&rsquo;une premi\u00e8re m\u00e9dicale pour traiter les patients porteurs de glioblastomes.<\/p>\n\n\n\n<p class=\"wp-block-paragraph\">Ce traitement est bas\u00e9 sur <strong>un m\u00e9dicament photosensibilisant (Pentalafen), administr\u00e9 au patient avant l&rsquo;op\u00e9ration, et un syst\u00e8me photonique exclusif<\/strong> <strong>(solution d&rsquo;illumination Heliance).<\/strong> Cette combinaison unique d&rsquo;un m\u00e9dicament et d&rsquo;un dispositif m\u00e9dical permet <strong>de d\u00e9truire s\u00e9lectivement les cellules canc\u00e9reuses,<\/strong> dans des zones inaccessibles \u00e0 la chirurgie classique, et sans endommager les tissus sains.<\/p>\n\n<\/div><\/div><\/div>\n\n<div class=\"gb-grid-column gb-grid-column-a4ce38d8\"><div class=\"gb-container gb-container-a4ce38d8  hgsap fromRight\"><div class=\"gb-inside-container\">\n\n<figure class=\"wp-block-image size-large\"><img data-recalc-dims=\"1\" loading=\"lazy\" decoding=\"async\" width=\"1024\" height=\"682\" src=\"https:\/\/i0.wp.com\/hemerion.com\/wp-content\/uploads\/\/surgeons.jpg?resize=1024%2C682&#038;ssl=1\" alt=\"La technologie Hemerion est bas&#xE9;e sur un m&#xE9;dicament photosensible et un syst&#xE8;me photonique.\" class=\"wp-image-804\" srcset=\"https:\/\/i0.wp.com\/hemerion.com\/wp-content\/uploads\/surgeons.jpg?resize=1024%2C682&amp;ssl=1 1024w, https:\/\/i0.wp.com\/hemerion.com\/wp-content\/uploads\/surgeons.jpg?resize=300%2C200&amp;ssl=1 300w, https:\/\/i0.wp.com\/hemerion.com\/wp-content\/uploads\/surgeons.jpg?resize=768%2C512&amp;ssl=1 768w, https:\/\/i0.wp.com\/hemerion.com\/wp-content\/uploads\/surgeons.jpg?resize=1536%2C1024&amp;ssl=1 1536w, https:\/\/i0.wp.com\/hemerion.com\/wp-content\/uploads\/surgeons.jpg?resize=1200%2C800&amp;ssl=1 1200w, https:\/\/i0.wp.com\/hemerion.com\/wp-content\/uploads\/surgeons.jpg?w=2000&amp;ssl=1 2000w\" sizes=\"auto, (max-width: 1024px) 100vw, 1024px\" \/><\/figure>\n<\/div><\/div><\/div>\n<\/div>\n<\/div><\/div><div class=\"gb-container gb-container-d153cf5a\"><div class=\"gb-inside-container\">\n<div class=\"gb-grid-wrapper gb-grid-wrapper-ea42566e shortcuts\">\n<div class=\"gb-grid-column gb-grid-column-e5d4db5a\"><div class=\"gb-container gb-container-e5d4db5a animatedIcon\"><div class=\"gb-inside-container\">\n<div class=\"wp-block-image\">\n<figure class=\"aligncenter size-large\"><img data-recalc-dims=\"1\" loading=\"lazy\" decoding=\"async\" width=\"80\" height=\"80\" src=\"https:\/\/i0.wp.com\/hemerion.com\/wp-content\/uploads\/usergroup-icon.png?resize=80%2C80&#038;ssl=1\" alt=\"Hemerion r&#xE9;unit, ensemble, des physiciens, chirurgiens et m&#xE9;decins pour d&#xE9;velopper des th&#xE9;rapies innovantes contre le cancer.\" class=\"wp-image-381\"\/><\/figure><\/div>\n\n\n<h2 class=\"gb-headline gb-headline-00ea7a22 gb-headline-text highlight-text-color highlight-center\"><span><mark class=\"gb-highlight\">Equipe<\/mark><\/span><\/h2>\n\n\n\n<p class=\"gb-headline gb-headline-6d8b8d63 gb-headline-text\">Des comp\u00e9tences multidisciplinaires entrepreunariales, scientifiques et m\u00e9dicales pour d\u00e9velopper des th\u00e9rapies innovantes.<\/p>\n\n\n<div class=\"gb-button-wrapper gb-button-wrapper-ad228738\">\n\n<a class=\"gb-button gb-button-cd468883\" href=\"https:\/\/hemerion.com\/fr\/repousser-les-limites-des-therapies-contre-le-cancer\/equipe\/\"><span class=\"gb-button-text\">En savoir plus<\/span><span class=\"gb-icon\"><svg xmlns=\"http:\/\/www.w3.org\/2000\/svg\" viewbox=\"0 0 8.246 12.777\" height=\"12.777\" width=\"8.246\">   <path fill=\"#434342\" transform=\"translate(-1.74 -6.746)\" d=\"M9.705,13.813,4.277,19.242a.954.954,0,0,1-1.353,0l-.9-.9a.954.954,0,0,1,0-1.353l3.848-3.848L2.022,9.291a.954.954,0,0,1,0-1.353l.9-.91a.954.954,0,0,1,1.353,0L9.7,12.456A.955.955,0,0,1,9.705,13.813Z\" data-name=\"Icon awesome-angle-right\" id=\"Icon_awesome-angle-right\"><\/path> <\/svg><\/span><\/a>\n\n<\/div>\n\n\n<div style=\"height:20px\" aria-hidden=\"true\" class=\"wp-block-spacer\"><\/div>\n\n<\/div><\/div><\/div>\n\n<div class=\"gb-grid-column gb-grid-column-b68e5b7e\"><div class=\"gb-container gb-container-b68e5b7e animatedIcon\"><div class=\"gb-inside-container\">\n<div class=\"wp-block-image\">\n<figure class=\"aligncenter size-large\"><img data-recalc-dims=\"1\" loading=\"lazy\" decoding=\"async\" width=\"80\" height=\"80\" src=\"https:\/\/i0.wp.com\/hemerion.com\/wp-content\/uploads\/signs-icon.png?resize=80%2C80&#038;ssl=1\" alt=\"Hemerion poss&#xE8;de une technologie unique &#xE9;labor&#xE9;e avec des neurochirurgiens et d&#xE9;j&#xE0; &#xE9;valu&#xE9;e lors d'une premi&#xE8;re m&#xE9;dicale pour traiter les patients porteurs de glioblastomes.\" class=\"wp-image-380\"\/><\/figure><\/div>\n\n\n<h2 class=\"gb-headline gb-headline-6de6320e gb-headline-text highlight-text-color highlight-center\"><span><mark class=\"gb-highlight\">Etapes cl\u00e9s<\/mark><\/span><\/h2>\n\n\n\n<p class=\"gb-headline gb-headline-64ea9fe9 gb-headline-text\">Notre technologie est le r\u00e9sultat de plus de 10 ans de recherche et d\u00e9veloppement.<\/p>\n\n\n<div class=\"gb-button-wrapper gb-button-wrapper-93ee49e8\">\n\n<a class=\"gb-button gb-button-eac799bf\" href=\"https:\/\/hemerion.com\/fr\/repousser-les-limites-des-therapies-contre-le-cancer\/etapes-cles\/\"><span class=\"gb-button-text\">En savoir plus<\/span><span class=\"gb-icon\"><svg xmlns=\"http:\/\/www.w3.org\/2000\/svg\" viewbox=\"0 0 8.246 12.777\" height=\"12.777\" width=\"8.246\">   <path fill=\"#434342\" transform=\"translate(-1.74 -6.746)\" d=\"M9.705,13.813,4.277,19.242a.954.954,0,0,1-1.353,0l-.9-.9a.954.954,0,0,1,0-1.353l3.848-3.848L2.022,9.291a.954.954,0,0,1,0-1.353l.9-.91a.954.954,0,0,1,1.353,0L9.7,12.456A.955.955,0,0,1,9.705,13.813Z\" data-name=\"Icon awesome-angle-right\" id=\"Icon_awesome-angle-right\"><\/path> <\/svg><\/span><\/a>\n\n<\/div>\n\n\n<div style=\"height:20px\" aria-hidden=\"true\" class=\"wp-block-spacer\"><\/div>\n\n<\/div><\/div><\/div>\n<\/div>\n<\/div><\/div>\n<div style=\"height:40px\" aria-hidden=\"true\" class=\"wp-block-spacer\"><\/div>\n","protected":false},"excerpt":{"rendered":"<p>Hemerion est une start-up fran\u00e7aise qui se consacre au d\u00e9veloppement de nouvelles th\u00e9rapies contre le cancer. Les technologies et le savoir-faire d&rsquo;Hemerion sont le fruit de plus de dix ans de recherches acad\u00e9mique et clinique men\u00e9es \u00e0 l&rsquo;Universit\u00e9 de Lille, au CHU de Lille et \u00e0 l&rsquo;Inserm. Hemerion se concentre principalement sur des approches innovantes &#8230; <\/p>\n<p class=\"read-more-container\"><a title=\"Repousser les limites des th\u00e9rapies contre le cancer\" class=\"read-more button\" href=\"https:\/\/hemerion.com\/fr\/repousser-les-limites-des-therapies-contre-le-cancer\/#more-1429\" aria-label=\"En savoir plus sur Repousser les limites des th\u00e9rapies contre le cancer\">Lire plus<\/a><\/p>\n","protected":false},"author":207845438,"featured_media":1316,"parent":0,"menu_order":0,"comment_status":"closed","ping_status":"closed","template":"","meta":{"_coblocks_attr":"","_coblocks_dimensions":"","_coblocks_responsive_height":"","_coblocks_accordion_ie_support":"","_crdt_document":"","jetpack_post_was_ever_published":false,"_jet_sm_ready_style":"","_jet_sm_style":"","_jet_sm_controls_values":"","_jet_sm_fonts_collection":"","_jet_sm_fonts_links":"","footnotes":""},"class_list":["post-1429","page","type-page","status-publish","has-post-thumbnail"],"yoast_head":"<!-- This site is optimized with the Yoast SEO plugin v27.3 - https:\/\/yoast.com\/product\/yoast-seo-wordpress\/ -->\n<title>Repousser les limites des th\u00e9rapies contre le cancer<\/title>\n<meta name=\"description\" content=\"Hemerion est une start-up fran\u00e7aise d\u00e9di\u00e9e au d\u00e9veloppement de nouvelles th\u00e9rapies contre le cancer et principalement le glioblastome.\" \/>\n<meta name=\"robots\" content=\"index, follow, max-snippet:-1, max-image-preview:large, max-video-preview:-1\" \/>\n<link rel=\"canonical\" href=\"https:\/\/hemerion.com\/fr\/repousser-les-limites-des-therapies-contre-le-cancer\/\" \/>\n<meta property=\"og:locale\" content=\"fr_FR\" \/>\n<meta property=\"og:type\" content=\"article\" \/>\n<meta property=\"og:title\" content=\"Repousser les limites des th\u00e9rapies contre le cancer\" \/>\n<meta property=\"og:description\" content=\"Hemerion est une start-up fran\u00e7aise d\u00e9di\u00e9e au d\u00e9veloppement de nouvelles th\u00e9rapies contre le cancer et principalement le glioblastome.\" \/>\n<meta property=\"og:url\" content=\"https:\/\/hemerion.com\/fr\/repousser-les-limites-des-therapies-contre-le-cancer\/\" \/>\n<meta property=\"og:site_name\" content=\"Hemerion\" \/>\n<meta property=\"article:modified_time\" content=\"2023-05-02T14:39:50+00:00\" \/>\n<meta property=\"og:image\" content=\"https:\/\/i0.wp.com\/hemerion.com\/wp-content\/uploads\/surgeons-1.jpg?fit=2000%2C680&ssl=1\" \/>\n\t<meta property=\"og:image:width\" content=\"2000\" \/>\n\t<meta property=\"og:image:height\" content=\"680\" \/>\n\t<meta property=\"og:image:type\" content=\"image\/jpeg\" \/>\n<meta name=\"twitter:card\" content=\"summary_large_image\" \/>\n<meta name=\"twitter:site\" content=\"@HemerionTx\" \/>\n<meta name=\"twitter:label1\" content=\"Dur\u00e9e de lecture estim\u00e9e\" \/>\n\t<meta name=\"twitter:data1\" content=\"2 minutes\" \/>\n<script type=\"application\/ld+json\" class=\"yoast-schema-graph\">{\"@context\":\"https:\\\/\\\/schema.org\",\"@graph\":[{\"@type\":\"WebPage\",\"@id\":\"https:\\\/\\\/hemerion.com\\\/fr\\\/repousser-les-limites-des-therapies-contre-le-cancer\\\/\",\"url\":\"https:\\\/\\\/hemerion.com\\\/fr\\\/repousser-les-limites-des-therapies-contre-le-cancer\\\/\",\"name\":\"Repousser les limites des th\u00e9rapies contre le cancer\",\"isPartOf\":{\"@id\":\"https:\\\/\\\/hemerion.com\\\/fr\\\/#website\"},\"primaryImageOfPage\":{\"@id\":\"https:\\\/\\\/hemerion.com\\\/fr\\\/repousser-les-limites-des-therapies-contre-le-cancer\\\/#primaryimage\"},\"image\":{\"@id\":\"https:\\\/\\\/hemerion.com\\\/fr\\\/repousser-les-limites-des-therapies-contre-le-cancer\\\/#primaryimage\"},\"thumbnailUrl\":\"https:\\\/\\\/i0.wp.com\\\/hemerion.com\\\/wp-content\\\/uploads\\\/surgeons-1.jpg?fit=2000%2C680&ssl=1\",\"datePublished\":\"2021-06-18T08:26:01+00:00\",\"dateModified\":\"2023-05-02T14:39:50+00:00\",\"description\":\"Hemerion est une start-up fran\u00e7aise d\u00e9di\u00e9e au d\u00e9veloppement de nouvelles th\u00e9rapies contre le cancer et principalement le glioblastome.\",\"breadcrumb\":{\"@id\":\"https:\\\/\\\/hemerion.com\\\/fr\\\/repousser-les-limites-des-therapies-contre-le-cancer\\\/#breadcrumb\"},\"inLanguage\":\"fr-FR\",\"potentialAction\":[{\"@type\":\"ReadAction\",\"target\":[\"https:\\\/\\\/hemerion.com\\\/fr\\\/repousser-les-limites-des-therapies-contre-le-cancer\\\/\"]}]},{\"@type\":\"ImageObject\",\"inLanguage\":\"fr-FR\",\"@id\":\"https:\\\/\\\/hemerion.com\\\/fr\\\/repousser-les-limites-des-therapies-contre-le-cancer\\\/#primaryimage\",\"url\":\"https:\\\/\\\/i0.wp.com\\\/hemerion.com\\\/wp-content\\\/uploads\\\/surgeons-1.jpg?fit=2000%2C680&ssl=1\",\"contentUrl\":\"https:\\\/\\\/i0.wp.com\\\/hemerion.com\\\/wp-content\\\/uploads\\\/surgeons-1.jpg?fit=2000%2C680&ssl=1\",\"width\":2000,\"height\":680},{\"@type\":\"BreadcrumbList\",\"@id\":\"https:\\\/\\\/hemerion.com\\\/fr\\\/repousser-les-limites-des-therapies-contre-le-cancer\\\/#breadcrumb\",\"itemListElement\":[{\"@type\":\"ListItem\",\"position\":1,\"name\":\"Home\",\"item\":\"https:\\\/\\\/hemerion.com\\\/fr\\\/\"},{\"@type\":\"ListItem\",\"position\":2,\"name\":\"Repousser les limites des th\u00e9rapies contre le cancer\"}]},{\"@type\":\"WebSite\",\"@id\":\"https:\\\/\\\/hemerion.com\\\/fr\\\/#website\",\"url\":\"https:\\\/\\\/hemerion.com\\\/fr\\\/\",\"name\":\"Hemerion\",\"description\":\"Advancing cancer therapies at the speed of light\",\"publisher\":{\"@id\":\"https:\\\/\\\/hemerion.com\\\/fr\\\/#organization\"},\"potentialAction\":[{\"@type\":\"SearchAction\",\"target\":{\"@type\":\"EntryPoint\",\"urlTemplate\":\"https:\\\/\\\/hemerion.com\\\/fr\\\/?s={search_term_string}\"},\"query-input\":{\"@type\":\"PropertyValueSpecification\",\"valueRequired\":true,\"valueName\":\"search_term_string\"}}],\"inLanguage\":\"fr-FR\"},{\"@type\":\"Organization\",\"@id\":\"https:\\\/\\\/hemerion.com\\\/fr\\\/#organization\",\"name\":\"Hemerion\",\"url\":\"https:\\\/\\\/hemerion.com\\\/fr\\\/\",\"logo\":{\"@type\":\"ImageObject\",\"inLanguage\":\"fr-FR\",\"@id\":\"https:\\\/\\\/hemerion.com\\\/fr\\\/#\\\/schema\\\/logo\\\/image\\\/\",\"url\":\"https:\\\/\\\/i0.wp.com\\\/hemerion.com\\\/wp-content\\\/uploads\\\/hemerion-logo.png?fit=1581%2C460&ssl=1\",\"contentUrl\":\"https:\\\/\\\/i0.wp.com\\\/hemerion.com\\\/wp-content\\\/uploads\\\/hemerion-logo.png?fit=1581%2C460&ssl=1\",\"width\":1581,\"height\":460,\"caption\":\"Hemerion\"},\"image\":{\"@id\":\"https:\\\/\\\/hemerion.com\\\/fr\\\/#\\\/schema\\\/logo\\\/image\\\/\"},\"sameAs\":[\"https:\\\/\\\/x.com\\\/HemerionTx\",\"https:\\\/\\\/www.linkedin.com\\\/company\\\/hemerion-therapeutics\\\/\",\"https:\\\/\\\/www.youtube.com\\\/channel\\\/UCWwcUj-aSdo32OYwN5vjf8Q\"]}]}<\/script>\n<!-- \/ Yoast SEO plugin. -->","yoast_head_json":{"title":"Repousser les limites des th\u00e9rapies contre le cancer","description":"Hemerion est une start-up fran\u00e7aise d\u00e9di\u00e9e au d\u00e9veloppement de nouvelles th\u00e9rapies contre le cancer et principalement le glioblastome.","robots":{"index":"index","follow":"follow","max-snippet":"max-snippet:-1","max-image-preview":"max-image-preview:large","max-video-preview":"max-video-preview:-1"},"canonical":"https:\/\/hemerion.com\/fr\/repousser-les-limites-des-therapies-contre-le-cancer\/","og_locale":"fr_FR","og_type":"article","og_title":"Repousser les limites des th\u00e9rapies contre le cancer","og_description":"Hemerion est une start-up fran\u00e7aise d\u00e9di\u00e9e au d\u00e9veloppement de nouvelles th\u00e9rapies contre le cancer et principalement le glioblastome.","og_url":"https:\/\/hemerion.com\/fr\/repousser-les-limites-des-therapies-contre-le-cancer\/","og_site_name":"Hemerion","article_modified_time":"2023-05-02T14:39:50+00:00","og_image":[{"width":2000,"height":680,"url":"https:\/\/i0.wp.com\/hemerion.com\/wp-content\/uploads\/surgeons-1.jpg?fit=2000%2C680&ssl=1","type":"image\/jpeg"}],"twitter_card":"summary_large_image","twitter_site":"@HemerionTx","twitter_misc":{"Dur\u00e9e de lecture estim\u00e9e":"2 minutes"},"schema":{"@context":"https:\/\/schema.org","@graph":[{"@type":"WebPage","@id":"https:\/\/hemerion.com\/fr\/repousser-les-limites-des-therapies-contre-le-cancer\/","url":"https:\/\/hemerion.com\/fr\/repousser-les-limites-des-therapies-contre-le-cancer\/","name":"Repousser les limites des th\u00e9rapies contre le cancer","isPartOf":{"@id":"https:\/\/hemerion.com\/fr\/#website"},"primaryImageOfPage":{"@id":"https:\/\/hemerion.com\/fr\/repousser-les-limites-des-therapies-contre-le-cancer\/#primaryimage"},"image":{"@id":"https:\/\/hemerion.com\/fr\/repousser-les-limites-des-therapies-contre-le-cancer\/#primaryimage"},"thumbnailUrl":"https:\/\/i0.wp.com\/hemerion.com\/wp-content\/uploads\/surgeons-1.jpg?fit=2000%2C680&ssl=1","datePublished":"2021-06-18T08:26:01+00:00","dateModified":"2023-05-02T14:39:50+00:00","description":"Hemerion est une start-up fran\u00e7aise d\u00e9di\u00e9e au d\u00e9veloppement de nouvelles th\u00e9rapies contre le cancer et principalement le glioblastome.","breadcrumb":{"@id":"https:\/\/hemerion.com\/fr\/repousser-les-limites-des-therapies-contre-le-cancer\/#breadcrumb"},"inLanguage":"fr-FR","potentialAction":[{"@type":"ReadAction","target":["https:\/\/hemerion.com\/fr\/repousser-les-limites-des-therapies-contre-le-cancer\/"]}]},{"@type":"ImageObject","inLanguage":"fr-FR","@id":"https:\/\/hemerion.com\/fr\/repousser-les-limites-des-therapies-contre-le-cancer\/#primaryimage","url":"https:\/\/i0.wp.com\/hemerion.com\/wp-content\/uploads\/surgeons-1.jpg?fit=2000%2C680&ssl=1","contentUrl":"https:\/\/i0.wp.com\/hemerion.com\/wp-content\/uploads\/surgeons-1.jpg?fit=2000%2C680&ssl=1","width":2000,"height":680},{"@type":"BreadcrumbList","@id":"https:\/\/hemerion.com\/fr\/repousser-les-limites-des-therapies-contre-le-cancer\/#breadcrumb","itemListElement":[{"@type":"ListItem","position":1,"name":"Home","item":"https:\/\/hemerion.com\/fr\/"},{"@type":"ListItem","position":2,"name":"Repousser les limites des th\u00e9rapies contre le cancer"}]},{"@type":"WebSite","@id":"https:\/\/hemerion.com\/fr\/#website","url":"https:\/\/hemerion.com\/fr\/","name":"Hemerion","description":"Advancing cancer therapies at the speed of light","publisher":{"@id":"https:\/\/hemerion.com\/fr\/#organization"},"potentialAction":[{"@type":"SearchAction","target":{"@type":"EntryPoint","urlTemplate":"https:\/\/hemerion.com\/fr\/?s={search_term_string}"},"query-input":{"@type":"PropertyValueSpecification","valueRequired":true,"valueName":"search_term_string"}}],"inLanguage":"fr-FR"},{"@type":"Organization","@id":"https:\/\/hemerion.com\/fr\/#organization","name":"Hemerion","url":"https:\/\/hemerion.com\/fr\/","logo":{"@type":"ImageObject","inLanguage":"fr-FR","@id":"https:\/\/hemerion.com\/fr\/#\/schema\/logo\/image\/","url":"https:\/\/i0.wp.com\/hemerion.com\/wp-content\/uploads\/hemerion-logo.png?fit=1581%2C460&ssl=1","contentUrl":"https:\/\/i0.wp.com\/hemerion.com\/wp-content\/uploads\/hemerion-logo.png?fit=1581%2C460&ssl=1","width":1581,"height":460,"caption":"Hemerion"},"image":{"@id":"https:\/\/hemerion.com\/fr\/#\/schema\/logo\/image\/"},"sameAs":["https:\/\/x.com\/HemerionTx","https:\/\/www.linkedin.com\/company\/hemerion-therapeutics\/","https:\/\/www.youtube.com\/channel\/UCWwcUj-aSdo32OYwN5vjf8Q"]}]}},"jetpack_shortlink":"https:\/\/wp.me\/Pd9WhZ-n3","jetpack_sharing_enabled":true,"_links":{"self":[{"href":"https:\/\/hemerion.com\/fr\/wp-json\/wp\/v2\/pages\/1429","targetHints":{"allow":["GET"]}}],"collection":[{"href":"https:\/\/hemerion.com\/fr\/wp-json\/wp\/v2\/pages"}],"about":[{"href":"https:\/\/hemerion.com\/fr\/wp-json\/wp\/v2\/types\/page"}],"author":[{"embeddable":true,"href":"https:\/\/hemerion.com\/fr\/wp-json\/wp\/v2\/users\/207845438"}],"replies":[{"embeddable":true,"href":"https:\/\/hemerion.com\/fr\/wp-json\/wp\/v2\/comments?post=1429"}],"version-history":[{"count":36,"href":"https:\/\/hemerion.com\/fr\/wp-json\/wp\/v2\/pages\/1429\/revisions"}],"predecessor-version":[{"id":4710,"href":"https:\/\/hemerion.com\/fr\/wp-json\/wp\/v2\/pages\/1429\/revisions\/4710"}],"wp:featuredmedia":[{"embeddable":true,"href":"https:\/\/hemerion.com\/fr\/wp-json\/wp\/v2\/media\/1316"}],"wp:attachment":[{"href":"https:\/\/hemerion.com\/fr\/wp-json\/wp\/v2\/media?parent=1429"}],"curies":[{"name":"wp","href":"https:\/\/api.w.org\/{rel}","templated":true}]}}